{"id":47,"date":"2026-05-03T23:33:29","date_gmt":"2026-05-03T23:33:29","guid":{"rendered":"https:\/\/bio-fitness.com.ar\/tienda\/?post_type=product&#038;p=47"},"modified":"2026-05-05T10:36:43","modified_gmt":"2026-05-05T10:36:43","slug":"entrenamiento-en-equipo","status":"publish","type":"product","link":"https:\/\/bio-fitness.com.ar\/tienda\/producto\/entrenamiento-en-equipo\/","title":{"rendered":"Entrenamiento en equipo"},"content":{"rendered":"<p data-start=\"262\" data-end=\"293\"><strong>Entrenar en equipo cambia todo.<\/strong><\/p>\n<p data-start=\"295\" data-end=\"445\">En estas clases trabaj\u00e1s junto a otras personas, con la gu\u00eda de un profe que marca el ritmo, corrige y te impulsa a dar un poco m\u00e1s en cada ejercicio.<\/p>\n<p data-start=\"447\" data-end=\"549\">La energ\u00eda del grupo te motiva, te saca de la rutina y hace que entrenar sea m\u00e1s din\u00e1mico y constante.<\/p>\n<p data-start=\"551\" data-end=\"619\">No importa tu nivel.<br data-start=\"571\" data-end=\"574\" \/>Cada uno entrena a su ritmo, pero acompa\u00f1ado.<\/p>\n<p data-start=\"621\" data-end=\"729\">Es ideal si busc\u00e1s moverte, mejorar tu estado f\u00edsico y sostener el entrenamiento en el tiempo sin aburrirte.<\/p>\n<p data-start=\"731\" data-end=\"784\" data-is-last-node=\"\" data-is-only-node=\"\">Entren\u00e1 con otros, exigite m\u00e1s y disfrut\u00e1 el proceso.<\/p>\n","protected":false},"excerpt":{"rendered":"<p>Entrenamiento en equipo con energ\u00eda y acompa\u00f1amiento.<br data-start=\"168\" data-end=\"171\" \/>Entren\u00e1s con otros, te motiv\u00e1s m\u00e1s y mejor\u00e1s en cada clase.<\/p>\n","protected":false},"featured_media":48,"template":"","meta":{"site-sidebar-layout":"default","site-content-layout":"","ast-site-content-layout":"default","site-content-style":"default","site-sidebar-style":"default","ast-global-header-display":"","ast-banner-title-visibility":"","ast-main-header-display":"","ast-hfb-above-header-display":"","ast-hfb-below-header-display":"","ast-hfb-mobile-header-display":"","site-post-title":"","ast-breadcrumbs-content":"","ast-featured-img":"","footer-sml-layout":"","ast-disable-related-posts":"","theme-transparent-header-meta":"default","adv-header-id-meta":"","stick-header-meta":"","header-above-stick-meta":"","header-main-stick-meta":"","header-below-stick-meta":"","astra-migrate-meta-layouts":"set","ast-page-background-enabled":"default","ast-page-background-meta":{"desktop":{"background-color":"var(--ast-global-color-5)","background-image":"","background-repeat":"repeat","background-position":"center center","background-size":"auto","background-attachment":"scroll","background-type":"","background-media":"","overlay-type":"","overlay-color":"","overlay-opacity":"","overlay-gradient":""},"tablet":{"background-color":"","background-image":"","background-repeat":"repeat","background-position":"center center","background-size":"auto","background-attachment":"scroll","background-type":"","background-media":"","overlay-type":"","overlay-color":"","overlay-opacity":"","overlay-gradient":""},"mobile":{"background-color":"","background-image":"","background-repeat":"repeat","background-position":"center center","background-size":"auto","background-attachment":"scroll","background-type":"","background-media":"","overlay-type":"","overlay-color":"","overlay-opacity":"","overlay-gradient":""}},"ast-content-background-meta":{"desktop":{"background-color":"var(--ast-global-color-4)","background-image":"","background-repeat":"repeat","background-position":"center center","background-size":"auto","background-attachment":"scroll","background-type":"","background-media":"","overlay-type":"","overlay-color":"","overlay-opacity":"","overlay-gradient":""},"tablet":{"background-color":"var(--ast-global-color-4)","background-image":"","background-repeat":"repeat","background-position":"center center","background-size":"auto","background-attachment":"scroll","background-type":"","background-media":"","overlay-type":"","overlay-color":"","overlay-opacity":"","overlay-gradient":""},"mobile":{"background-color":"var(--ast-global-color-4)","background-image":"","background-repeat":"repeat","background-position":"center center","background-size":"auto","background-attachment":"scroll","background-type":"","background-media":"","overlay-type":"","overlay-color":"","overlay-opacity":"","overlay-gradient":""}}},"product_brand":[],"product_cat":[16],"product_tag":[],"class_list":{"0":"post-47","1":"product","2":"type-product","3":"status-publish","4":"has-post-thumbnail","6":"product_cat-actividades","7":"desktop-align-left","8":"tablet-align-left","9":"mobile-align-left","11":"first","12":"instock","13":"shipping-taxable","14":"purchasable","15":"product-type-simple"},"_links":{"self":[{"href":"https:\/\/bio-fitness.com.ar\/tienda\/wp-json\/wp\/v2\/product\/47","targetHints":{"allow":["GET"]}}],"collection":[{"href":"https:\/\/bio-fitness.com.ar\/tienda\/wp-json\/wp\/v2\/product"}],"about":[{"href":"https:\/\/bio-fitness.com.ar\/tienda\/wp-json\/wp\/v2\/types\/product"}],"wp:featuredmedia":[{"embeddable":true,"href":"https:\/\/bio-fitness.com.ar\/tienda\/wp-json\/wp\/v2\/media\/48"}],"wp:attachment":[{"href":"https:\/\/bio-fitness.com.ar\/tienda\/wp-json\/wp\/v2\/media?parent=47"}],"wp:term":[{"taxonomy":"product_brand","embeddable":true,"href":"https:\/\/bio-fitness.com.ar\/tienda\/wp-json\/wp\/v2\/product_brand?post=47"},{"taxonomy":"product_cat","embeddable":true,"href":"https:\/\/bio-fitness.com.ar\/tienda\/wp-json\/wp\/v2\/product_cat?post=47"},{"taxonomy":"product_tag","embeddable":true,"href":"https:\/\/bio-fitness.com.ar\/tienda\/wp-json\/wp\/v2\/product_tag?post=47"}],"curies":[{"name":"wp","href":"https:\/\/api.w.org\/{rel}","templated":true}]}}