{"id":54,"date":"2026-05-03T23:54:30","date_gmt":"2026-05-03T23:54:30","guid":{"rendered":"https:\/\/bio-fitness.com.ar\/tienda\/?post_type=product&#038;p=54"},"modified":"2026-05-05T10:36:25","modified_gmt":"2026-05-05T10:36:25","slug":"spinning","status":"publish","type":"product","link":"https:\/\/bio-fitness.com.ar\/tienda\/producto\/spinning\/","title":{"rendered":"Spinning"},"content":{"rendered":"<p data-start=\"243\" data-end=\"299\">El <strong>spinning<\/strong> es una clase intensa, din\u00e1mica y motivadora.<\/p>\n<p data-start=\"301\" data-end=\"439\">Entren\u00e1s arriba de la bici al ritmo de la m\u00fasica, guiado por un profe que marca la intensidad y te empuja a dar un poco m\u00e1s en cada tramo.<\/p>\n<p data-start=\"441\" data-end=\"565\">Trabaj\u00e1s resistencia, capacidad cardiovascular y quema de calor\u00edas en un ambiente que te mantiene activo de principio a fin.<\/p>\n<p data-start=\"567\" data-end=\"690\">No importa si reci\u00e9n empez\u00e1s o ya entren\u00e1s.<br data-start=\"610\" data-end=\"613\" \/>Cada uno regula su esfuerzo, pero el grupo y la energ\u00eda hacen que rindas m\u00e1s.<\/p>\n<p data-start=\"692\" data-end=\"798\">Es ideal si quer\u00e9s moverte, liberar estr\u00e9s y mejorar tu estado f\u00edsico mientras disfrut\u00e1s el entrenamiento.<\/p>\n<p data-start=\"800\" data-end=\"835\" data-is-last-node=\"\" data-is-only-node=\"\">Subite a la bici y sent\u00ed el cambio.<\/p>\n","protected":false},"excerpt":{"rendered":"<p>Clase de spinning con energ\u00eda y ritmo.<br data-start=\"138\" data-end=\"141\" \/>Mejor\u00e1s tu resistencia, transpir\u00e1s y te motiv\u00e1s en cada entrenamiento.<\/p>\n","protected":false},"featured_media":55,"template":"","meta":{"site-sidebar-layout":"default","site-content-layout":"","ast-site-content-layout":"default","site-content-style":"default","site-sidebar-style":"default","ast-global-header-display":"","ast-banner-title-visibility":"","ast-main-header-display":"","ast-hfb-above-header-display":"","ast-hfb-below-header-display":"","ast-hfb-mobile-header-display":"","site-post-title":"","ast-breadcrumbs-content":"","ast-featured-img":"","footer-sml-layout":"","ast-disable-related-posts":"","theme-transparent-header-meta":"default","adv-header-id-meta":"","stick-header-meta":"","header-above-stick-meta":"","header-main-stick-meta":"","header-below-stick-meta":"","astra-migrate-meta-layouts":"set","ast-page-background-enabled":"default","ast-page-background-meta":{"desktop":{"background-color":"var(--ast-global-color-5)","background-image":"","background-repeat":"repeat","background-position":"center center","background-size":"auto","background-attachment":"scroll","background-type":"","background-media":"","overlay-type":"","overlay-color":"","overlay-opacity":"","overlay-gradient":""},"tablet":{"background-color":"","background-image":"","background-repeat":"repeat","background-position":"center center","background-size":"auto","background-attachment":"scroll","background-type":"","background-media":"","overlay-type":"","overlay-color":"","overlay-opacity":"","overlay-gradient":""},"mobile":{"background-color":"","background-image":"","background-repeat":"repeat","background-position":"center center","background-size":"auto","background-attachment":"scroll","background-type":"","background-media":"","overlay-type":"","overlay-color":"","overlay-opacity":"","overlay-gradient":""}},"ast-content-background-meta":{"desktop":{"background-color":"var(--ast-global-color-4)","background-image":"","background-repeat":"repeat","background-position":"center center","background-size":"auto","background-attachment":"scroll","background-type":"","background-media":"","overlay-type":"","overlay-color":"","overlay-opacity":"","overlay-gradient":""},"tablet":{"background-color":"var(--ast-global-color-4)","background-image":"","background-repeat":"repeat","background-position":"center center","background-size":"auto","background-attachment":"scroll","background-type":"","background-media":"","overlay-type":"","overlay-color":"","overlay-opacity":"","overlay-gradient":""},"mobile":{"background-color":"var(--ast-global-color-4)","background-image":"","background-repeat":"repeat","background-position":"center center","background-size":"auto","background-attachment":"scroll","background-type":"","background-media":"","overlay-type":"","overlay-color":"","overlay-opacity":"","overlay-gradient":""}}},"product_brand":[],"product_cat":[16],"product_tag":[],"class_list":{"0":"post-54","1":"product","2":"type-product","3":"status-publish","4":"has-post-thumbnail","6":"product_cat-actividades","7":"desktop-align-left","8":"tablet-align-left","9":"mobile-align-left","11":"first","12":"instock","13":"shipping-taxable","14":"purchasable","15":"product-type-simple"},"_links":{"self":[{"href":"https:\/\/bio-fitness.com.ar\/tienda\/wp-json\/wp\/v2\/product\/54","targetHints":{"allow":["GET"]}}],"collection":[{"href":"https:\/\/bio-fitness.com.ar\/tienda\/wp-json\/wp\/v2\/product"}],"about":[{"href":"https:\/\/bio-fitness.com.ar\/tienda\/wp-json\/wp\/v2\/types\/product"}],"wp:featuredmedia":[{"embeddable":true,"href":"https:\/\/bio-fitness.com.ar\/tienda\/wp-json\/wp\/v2\/media\/55"}],"wp:attachment":[{"href":"https:\/\/bio-fitness.com.ar\/tienda\/wp-json\/wp\/v2\/media?parent=54"}],"wp:term":[{"taxonomy":"product_brand","embeddable":true,"href":"https:\/\/bio-fitness.com.ar\/tienda\/wp-json\/wp\/v2\/product_brand?post=54"},{"taxonomy":"product_cat","embeddable":true,"href":"https:\/\/bio-fitness.com.ar\/tienda\/wp-json\/wp\/v2\/product_cat?post=54"},{"taxonomy":"product_tag","embeddable":true,"href":"https:\/\/bio-fitness.com.ar\/tienda\/wp-json\/wp\/v2\/product_tag?post=54"}],"curies":[{"name":"wp","href":"https:\/\/api.w.org\/{rel}","templated":true}]}}