{"id":56,"date":"2026-05-04T20:22:21","date_gmt":"2026-05-04T20:22:21","guid":{"rendered":"https:\/\/bio-fitness.com.ar\/tienda\/?post_type=product&#038;p=56"},"modified":"2026-05-05T10:36:14","modified_gmt":"2026-05-05T10:36:14","slug":"kickboxing","status":"publish","type":"product","link":"https:\/\/bio-fitness.com.ar\/tienda\/producto\/kickboxing\/","title":{"rendered":"Kickboxing"},"content":{"rendered":"<p data-start=\"244\" data-end=\"302\">El kickboxing es una clase intensa, din\u00e1mica y liberadora.<\/p>\n<p data-start=\"304\" data-end=\"433\">Combin\u00e1s golpes, desplazamientos y ejercicios f\u00edsicos que trabajan todo el cuerpo mientras mejor\u00e1s tu resistencia y coordinaci\u00f3n.<\/p>\n<p data-start=\"435\" data-end=\"576\">No necesit\u00e1s experiencia previa.<br data-start=\"467\" data-end=\"470\" \/>El profe te gu\u00eda paso a paso para que aprendas t\u00e9cnica, te muevas con seguridad y progreses en cada clase.<\/p>\n<p data-start=\"578\" data-end=\"674\">Adem\u00e1s de entrenar fuerte, es ideal para descargar estr\u00e9s, ganar confianza y salir de la rutina.<\/p>\n<p data-start=\"676\" data-end=\"754\" data-is-last-node=\"\" data-is-only-node=\"\">Entren\u00e1 con actitud, movete distinto y sent\u00ed el cambio desde la primera clase.<\/p>\n","protected":false},"excerpt":{"rendered":"<p>Clase de<strong> kickboxing<\/strong> para descargar energ\u00eda y ganar fuerza.<br data-start=\"160\" data-end=\"163\" \/>Mejor\u00e1s tu resistencia, coordinaci\u00f3n y confianza.<\/p>\n","protected":false},"featured_media":57,"template":"","meta":{"site-sidebar-layout":"default","site-content-layout":"","ast-site-content-layout":"default","site-content-style":"default","site-sidebar-style":"default","ast-global-header-display":"","ast-banner-title-visibility":"","ast-main-header-display":"","ast-hfb-above-header-display":"","ast-hfb-below-header-display":"","ast-hfb-mobile-header-display":"","site-post-title":"","ast-breadcrumbs-content":"","ast-featured-img":"","footer-sml-layout":"","ast-disable-related-posts":"","theme-transparent-header-meta":"default","adv-header-id-meta":"","stick-header-meta":"","header-above-stick-meta":"","header-main-stick-meta":"","header-below-stick-meta":"","astra-migrate-meta-layouts":"set","ast-page-background-enabled":"default","ast-page-background-meta":{"desktop":{"background-color":"var(--ast-global-color-5)","background-image":"","background-repeat":"repeat","background-position":"center center","background-size":"auto","background-attachment":"scroll","background-type":"","background-media":"","overlay-type":"","overlay-color":"","overlay-opacity":"","overlay-gradient":""},"tablet":{"background-color":"","background-image":"","background-repeat":"repeat","background-position":"center center","background-size":"auto","background-attachment":"scroll","background-type":"","background-media":"","overlay-type":"","overlay-color":"","overlay-opacity":"","overlay-gradient":""},"mobile":{"background-color":"","background-image":"","background-repeat":"repeat","background-position":"center center","background-size":"auto","background-attachment":"scroll","background-type":"","background-media":"","overlay-type":"","overlay-color":"","overlay-opacity":"","overlay-gradient":""}},"ast-content-background-meta":{"desktop":{"background-color":"var(--ast-global-color-4)","background-image":"","background-repeat":"repeat","background-position":"center center","background-size":"auto","background-attachment":"scroll","background-type":"","background-media":"","overlay-type":"","overlay-color":"","overlay-opacity":"","overlay-gradient":""},"tablet":{"background-color":"var(--ast-global-color-4)","background-image":"","background-repeat":"repeat","background-position":"center center","background-size":"auto","background-attachment":"scroll","background-type":"","background-media":"","overlay-type":"","overlay-color":"","overlay-opacity":"","overlay-gradient":""},"mobile":{"background-color":"var(--ast-global-color-4)","background-image":"","background-repeat":"repeat","background-position":"center center","background-size":"auto","background-attachment":"scroll","background-type":"","background-media":"","overlay-type":"","overlay-color":"","overlay-opacity":"","overlay-gradient":""}}},"product_brand":[],"product_cat":[16],"product_tag":[],"class_list":{"0":"post-56","1":"product","2":"type-product","3":"status-publish","4":"has-post-thumbnail","6":"product_cat-actividades","7":"desktop-align-left","8":"tablet-align-left","9":"mobile-align-left","11":"first","12":"instock","13":"shipping-taxable","14":"purchasable","15":"product-type-simple"},"_links":{"self":[{"href":"https:\/\/bio-fitness.com.ar\/tienda\/wp-json\/wp\/v2\/product\/56","targetHints":{"allow":["GET"]}}],"collection":[{"href":"https:\/\/bio-fitness.com.ar\/tienda\/wp-json\/wp\/v2\/product"}],"about":[{"href":"https:\/\/bio-fitness.com.ar\/tienda\/wp-json\/wp\/v2\/types\/product"}],"wp:featuredmedia":[{"embeddable":true,"href":"https:\/\/bio-fitness.com.ar\/tienda\/wp-json\/wp\/v2\/media\/57"}],"wp:attachment":[{"href":"https:\/\/bio-fitness.com.ar\/tienda\/wp-json\/wp\/v2\/media?parent=56"}],"wp:term":[{"taxonomy":"product_brand","embeddable":true,"href":"https:\/\/bio-fitness.com.ar\/tienda\/wp-json\/wp\/v2\/product_brand?post=56"},{"taxonomy":"product_cat","embeddable":true,"href":"https:\/\/bio-fitness.com.ar\/tienda\/wp-json\/wp\/v2\/product_cat?post=56"},{"taxonomy":"product_tag","embeddable":true,"href":"https:\/\/bio-fitness.com.ar\/tienda\/wp-json\/wp\/v2\/product_tag?post=56"}],"curies":[{"name":"wp","href":"https:\/\/api.w.org\/{rel}","templated":true}]}}