{"id":58,"date":"2026-05-04T20:32:57","date_gmt":"2026-05-04T20:32:57","guid":{"rendered":"https:\/\/bio-fitness.com.ar\/tienda\/?post_type=product&#038;p=58"},"modified":"2026-05-05T10:36:06","modified_gmt":"2026-05-05T10:36:06","slug":"entrenamiento-personalizado-en-sala-de-musculacion","status":"publish","type":"product","link":"https:\/\/bio-fitness.com.ar\/tienda\/producto\/entrenamiento-personalizado-en-sala-de-musculacion\/","title":{"rendered":"Entrenamiento Personalizado en sala de musculaci\u00f3n"},"content":{"rendered":"<p data-start=\"336\" data-end=\"435\">Trabaj\u00e1s con un plan dise\u00f1ado exclusivamente para vos, seg\u00fan tu nivel, tus objetivos y tu realidad.<\/p>\n<p data-start=\"437\" data-end=\"569\">No hay rutinas gen\u00e9ricas ni improvisaci\u00f3n.<br data-start=\"479\" data-end=\"482\" \/>Cada ejercicio tiene un prop\u00f3sito y cada entrenamiento est\u00e1 pensado para que progreses.<\/p>\n<p data-start=\"571\" data-end=\"663\">Cont\u00e1s con un profe que te acompa\u00f1a, corrige tu t\u00e9cnica y ajusta el plan seg\u00fan tu evoluci\u00f3n.<\/p>\n<p data-start=\"665\" data-end=\"763\">Es ideal si busc\u00e1s resultados concretos, evitar errores y aprovechar al m\u00e1ximo cada entrenamiento.<\/p>\n<p data-start=\"765\" data-end=\"821\" data-is-last-node=\"\" data-is-only-node=\"\">Entren\u00e1 con foco, con gu\u00eda y con un plan hecho para vos.<\/p>\n","protected":false},"excerpt":{"rendered":"<p>Entrenamiento personalizado con plan a medida.<br data-start=\"165\" data-end=\"168\" \/>Te guiamos paso a paso para que logres resultados reales.<\/p>\n","protected":false},"featured_media":59,"template":"","meta":{"site-sidebar-layout":"default","site-content-layout":"","ast-site-content-layout":"default","site-content-style":"default","site-sidebar-style":"default","ast-global-header-display":"","ast-banner-title-visibility":"","ast-main-header-display":"","ast-hfb-above-header-display":"","ast-hfb-below-header-display":"","ast-hfb-mobile-header-display":"","site-post-title":"","ast-breadcrumbs-content":"","ast-featured-img":"","footer-sml-layout":"","ast-disable-related-posts":"","theme-transparent-header-meta":"default","adv-header-id-meta":"","stick-header-meta":"","header-above-stick-meta":"","header-main-stick-meta":"","header-below-stick-meta":"","astra-migrate-meta-layouts":"set","ast-page-background-enabled":"default","ast-page-background-meta":{"desktop":{"background-color":"var(--ast-global-color-5)","background-image":"","background-repeat":"repeat","background-position":"center center","background-size":"auto","background-attachment":"scroll","background-type":"","background-media":"","overlay-type":"","overlay-color":"","overlay-opacity":"","overlay-gradient":""},"tablet":{"background-color":"","background-image":"","background-repeat":"repeat","background-position":"center center","background-size":"auto","background-attachment":"scroll","background-type":"","background-media":"","overlay-type":"","overlay-color":"","overlay-opacity":"","overlay-gradient":""},"mobile":{"background-color":"","background-image":"","background-repeat":"repeat","background-position":"center center","background-size":"auto","background-attachment":"scroll","background-type":"","background-media":"","overlay-type":"","overlay-color":"","overlay-opacity":"","overlay-gradient":""}},"ast-content-background-meta":{"desktop":{"background-color":"var(--ast-global-color-4)","background-image":"","background-repeat":"repeat","background-position":"center center","background-size":"auto","background-attachment":"scroll","background-type":"","background-media":"","overlay-type":"","overlay-color":"","overlay-opacity":"","overlay-gradient":""},"tablet":{"background-color":"var(--ast-global-color-4)","background-image":"","background-repeat":"repeat","background-position":"center center","background-size":"auto","background-attachment":"scroll","background-type":"","background-media":"","overlay-type":"","overlay-color":"","overlay-opacity":"","overlay-gradient":""},"mobile":{"background-color":"var(--ast-global-color-4)","background-image":"","background-repeat":"repeat","background-position":"center center","background-size":"auto","background-attachment":"scroll","background-type":"","background-media":"","overlay-type":"","overlay-color":"","overlay-opacity":"","overlay-gradient":""}}},"product_brand":[],"product_cat":[16],"product_tag":[],"class_list":{"0":"post-58","1":"product","2":"type-product","3":"status-publish","4":"has-post-thumbnail","6":"product_cat-actividades","7":"desktop-align-left","8":"tablet-align-left","9":"mobile-align-left","11":"first","12":"instock","13":"shipping-taxable","14":"purchasable","15":"product-type-simple"},"_links":{"self":[{"href":"https:\/\/bio-fitness.com.ar\/tienda\/wp-json\/wp\/v2\/product\/58","targetHints":{"allow":["GET"]}}],"collection":[{"href":"https:\/\/bio-fitness.com.ar\/tienda\/wp-json\/wp\/v2\/product"}],"about":[{"href":"https:\/\/bio-fitness.com.ar\/tienda\/wp-json\/wp\/v2\/types\/product"}],"wp:featuredmedia":[{"embeddable":true,"href":"https:\/\/bio-fitness.com.ar\/tienda\/wp-json\/wp\/v2\/media\/59"}],"wp:attachment":[{"href":"https:\/\/bio-fitness.com.ar\/tienda\/wp-json\/wp\/v2\/media?parent=58"}],"wp:term":[{"taxonomy":"product_brand","embeddable":true,"href":"https:\/\/bio-fitness.com.ar\/tienda\/wp-json\/wp\/v2\/product_brand?post=58"},{"taxonomy":"product_cat","embeddable":true,"href":"https:\/\/bio-fitness.com.ar\/tienda\/wp-json\/wp\/v2\/product_cat?post=58"},{"taxonomy":"product_tag","embeddable":true,"href":"https:\/\/bio-fitness.com.ar\/tienda\/wp-json\/wp\/v2\/product_tag?post=58"}],"curies":[{"name":"wp","href":"https:\/\/api.w.org\/{rel}","templated":true}]}}