{"id":64,"date":"2026-05-05T09:48:58","date_gmt":"2026-05-05T09:48:58","guid":{"rendered":"https:\/\/bio-fitness.com.ar\/tienda\/?post_type=product&#038;p=64"},"modified":"2026-05-05T18:05:34","modified_gmt":"2026-05-05T18:05:34","slug":"tortilla-saludable","status":"publish","type":"product","link":"https:\/\/bio-fitness.com.ar\/tienda\/producto\/tortilla-saludable\/","title":{"rendered":"Tortilla Saludable"},"content":{"rendered":"<p data-start=\"247\" data-end=\"293\">Comer bien tambi\u00e9n es parte del entrenamiento.<\/p>\n<p data-start=\"295\" data-end=\"395\">Estas tortillas saludables son una opci\u00f3n pr\u00e1ctica para acompa\u00f1arte en el d\u00eda a d\u00eda sin complicarte.<\/p>\n<p data-start=\"397\" data-end=\"504\">Est\u00e1n hechas con ingredientes seleccionados, pensadas para darte energ\u00eda y ayudarte a sostener tus h\u00e1bitos.<\/p>\n<p data-start=\"506\" data-end=\"596\">No es una dieta estricta.<br data-start=\"531\" data-end=\"534\" \/>Es tener opciones que suman y que pod\u00e9s mantener en el tiempo.<\/p>\n<p data-start=\"598\" data-end=\"675\">Son ideales para un desayuno r\u00e1pido, una merienda o para despu\u00e9s de entrenar.<\/p>\n<p data-start=\"677\" data-end=\"729\">Ricas, pr\u00e1cticas y listas para cuando las necesites.<\/p>\n<p data-start=\"731\" data-end=\"778\" data-is-last-node=\"\" data-is-only-node=\"\">Entren\u00e1 bien, com\u00e9 mejor y sosten\u00e9 tu progreso.<\/p>\n","protected":false},"excerpt":{"rendered":"<p>Tortillas <strong>saludables<\/strong> listas para tu d\u00eda.<br data-start=\"152\" data-end=\"155\" \/>Pr\u00e1cticas, ricas y pensadas para acompa\u00f1ar tu entrenamiento.<\/p>\n","protected":false},"featured_media":65,"template":"","meta":{"site-sidebar-layout":"default","site-content-layout":"","ast-site-content-layout":"default","site-content-style":"default","site-sidebar-style":"default","ast-global-header-display":"","ast-banner-title-visibility":"","ast-main-header-display":"","ast-hfb-above-header-display":"","ast-hfb-below-header-display":"","ast-hfb-mobile-header-display":"","site-post-title":"","ast-breadcrumbs-content":"","ast-featured-img":"","footer-sml-layout":"","ast-disable-related-posts":"","theme-transparent-header-meta":"default","adv-header-id-meta":"","stick-header-meta":"","header-above-stick-meta":"","header-main-stick-meta":"","header-below-stick-meta":"","astra-migrate-meta-layouts":"set","ast-page-background-enabled":"default","ast-page-background-meta":{"desktop":{"background-color":"var(--ast-global-color-5)","background-image":"","background-repeat":"repeat","background-position":"center center","background-size":"auto","background-attachment":"scroll","background-type":"","background-media":"","overlay-type":"","overlay-color":"","overlay-opacity":"","overlay-gradient":""},"tablet":{"background-color":"","background-image":"","background-repeat":"repeat","background-position":"center center","background-size":"auto","background-attachment":"scroll","background-type":"","background-media":"","overlay-type":"","overlay-color":"","overlay-opacity":"","overlay-gradient":""},"mobile":{"background-color":"","background-image":"","background-repeat":"repeat","background-position":"center center","background-size":"auto","background-attachment":"scroll","background-type":"","background-media":"","overlay-type":"","overlay-color":"","overlay-opacity":"","overlay-gradient":""}},"ast-content-background-meta":{"desktop":{"background-color":"var(--ast-global-color-4)","background-image":"","background-repeat":"repeat","background-position":"center center","background-size":"auto","background-attachment":"scroll","background-type":"","background-media":"","overlay-type":"","overlay-color":"","overlay-opacity":"","overlay-gradient":""},"tablet":{"background-color":"var(--ast-global-color-4)","background-image":"","background-repeat":"repeat","background-position":"center center","background-size":"auto","background-attachment":"scroll","background-type":"","background-media":"","overlay-type":"","overlay-color":"","overlay-opacity":"","overlay-gradient":""},"mobile":{"background-color":"var(--ast-global-color-4)","background-image":"","background-repeat":"repeat","background-position":"center center","background-size":"auto","background-attachment":"scroll","background-type":"","background-media":"","overlay-type":"","overlay-color":"","overlay-opacity":"","overlay-gradient":""}}},"product_brand":[],"product_cat":[26],"product_tag":[],"class_list":{"0":"post-64","1":"product","2":"type-product","3":"status-publish","4":"has-post-thumbnail","6":"product_cat-nutricion","7":"desktop-align-left","8":"tablet-align-left","9":"mobile-align-left","11":"first","12":"instock","13":"shipping-taxable","14":"purchasable","15":"product-type-simple"},"_links":{"self":[{"href":"https:\/\/bio-fitness.com.ar\/tienda\/wp-json\/wp\/v2\/product\/64","targetHints":{"allow":["GET"]}}],"collection":[{"href":"https:\/\/bio-fitness.com.ar\/tienda\/wp-json\/wp\/v2\/product"}],"about":[{"href":"https:\/\/bio-fitness.com.ar\/tienda\/wp-json\/wp\/v2\/types\/product"}],"wp:featuredmedia":[{"embeddable":true,"href":"https:\/\/bio-fitness.com.ar\/tienda\/wp-json\/wp\/v2\/media\/65"}],"wp:attachment":[{"href":"https:\/\/bio-fitness.com.ar\/tienda\/wp-json\/wp\/v2\/media?parent=64"}],"wp:term":[{"taxonomy":"product_brand","embeddable":true,"href":"https:\/\/bio-fitness.com.ar\/tienda\/wp-json\/wp\/v2\/product_brand?post=64"},{"taxonomy":"product_cat","embeddable":true,"href":"https:\/\/bio-fitness.com.ar\/tienda\/wp-json\/wp\/v2\/product_cat?post=64"},{"taxonomy":"product_tag","embeddable":true,"href":"https:\/\/bio-fitness.com.ar\/tienda\/wp-json\/wp\/v2\/product_tag?post=64"}],"curies":[{"name":"wp","href":"https:\/\/api.w.org\/{rel}","templated":true}]}}